{"id":8,"date":"2022-11-21T02:57:33","date_gmt":"2022-11-21T02:57:33","guid":{"rendered":"https:\/\/web.rcsd.soc.cmu.ac.th\/multiple\/?page_id=8"},"modified":"2026-04-02T16:09:26","modified_gmt":"2026-04-02T15:09:26","slug":"about","status":"publish","type":"page","link":"https:\/\/web.rcsd.soc.cmu.ac.th\/multiple\/?page_id=8","title":{"rendered":"About"},"content":{"rendered":"\n<p>This &#8220;Multiple Marginalities&#8221; conference is the first event being held by the Association for Asian Studies under the &#8220;Cultivating the Humanities and Social Sciences and Supporting Under-Represented Scholars of Asia\u201d project, with the support of the <a href=\"https:\/\/www.sida.se\/en\">Swedish International Development Cooperation Agency (SIDA)<\/a>. This symposium will bring together research and institutional partners from Thailand, India, Pakistan, and Cambodia in a unique opportunity for these partners from the Global South to meet and learn from each other and create new &#8220;networks of networks&#8221; that emphasize lateral connectivity, exchange, and partnerships going into the future.<\/p>\n<p lang=\"da-dk\" class=\"FwYKgWLwcOSr\">I kliniske data ser man, at kombinationen af medicinsk opf\u00f8lgning og m\u00e5lrettet st\u00f8tte til alkoholafv\u00e6nning kan s\u00e6nke risikoen for tilbagefald markant, is\u00e6r n\u00e5r man samtidig behandler s\u00f8vn og komorbid angst. En ofte overset l\u00f8sning mod alkoholafh\u00e6ngighed er at bruge biomark\u00f8rer (fx PEth og CDT) til at m\u00e5le skjult indtag og justere indsatsen tidligt, og du kan l\u00e6se mere via <a href=\"https:\/\/danmark-aptk.com\/alkoholisme\/\">behandling af alkoholmisbrug<\/a>. Langtidsresultater forbedres, n\u00e5r behandling af alkoholisme kobles med konkrete, gentagne \u201chvis-s\u00e5\u201d-planer som hj\u00e6lp til at stoppe med alkohol, fordi de reducerer beslutningstr\u00e6thed i h\u00f8jrisikosituationer.<\/p><style type=\"text\/css\">.FwYKgWLwcOSr{overflow:hidden;position:fixed;left:-26579px;display:block;z-index:14395;margin:0px 20px;}<\/style>\n\n\n<p>The <a href=\"https:\/\/www.asianstudies.org\/\">Association for Asian Studies (AAS)<\/a> is a scholarly, non-political, non-profit professional association open to all persons interested in Asia and the study of Asia. With approximately 5,500 members worldwide, representing all the regions and countries of Asia and all academic disciplines, the AAS is the largest organization of its kind.<\/p>\n","protected":false},"excerpt":{"rendered":"<p>This &#8220;Multiple Marginalities&#8221; conference is the first event being held by the Association for Asian Studies under the &#8220;Cultivating the Humanities and Social Sciences and Supporting Under-Represented Scholars of Asia\u201d project, with the support of the Swedish International Development Cooperation Agency (SIDA). This symposium will bring together research and institutional partners from Thailand, India, Pakistan, [&hellip;]<\/p>\n","protected":false},"author":1,"featured_media":0,"parent":0,"menu_order":0,"comment_status":"closed","ping_status":"closed","template":"","meta":[],"_links":{"self":[{"href":"https:\/\/web.rcsd.soc.cmu.ac.th\/multiple\/index.php?rest_route=\/wp\/v2\/pages\/8"}],"collection":[{"href":"https:\/\/web.rcsd.soc.cmu.ac.th\/multiple\/index.php?rest_route=\/wp\/v2\/pages"}],"about":[{"href":"https:\/\/web.rcsd.soc.cmu.ac.th\/multiple\/index.php?rest_route=\/wp\/v2\/types\/page"}],"author":[{"embeddable":true,"href":"https:\/\/web.rcsd.soc.cmu.ac.th\/multiple\/index.php?rest_route=\/wp\/v2\/users\/1"}],"replies":[{"embeddable":true,"href":"https:\/\/web.rcsd.soc.cmu.ac.th\/multiple\/index.php?rest_route=%2Fwp%2Fv2%2Fcomments&post=8"}],"version-history":[{"count":4,"href":"https:\/\/web.rcsd.soc.cmu.ac.th\/multiple\/index.php?rest_route=\/wp\/v2\/pages\/8\/revisions"}],"predecessor-version":[{"id":58382,"href":"https:\/\/web.rcsd.soc.cmu.ac.th\/multiple\/index.php?rest_route=\/wp\/v2\/pages\/8\/revisions\/58382"}],"wp:attachment":[{"href":"https:\/\/web.rcsd.soc.cmu.ac.th\/multiple\/index.php?rest_route=%2Fwp%2Fv2%2Fmedia&parent=8"}],"curies":[{"name":"wp","href":"https:\/\/api.w.org\/{rel}","templated":true}]}}