{"id":7,"date":"2022-11-21T02:57:33","date_gmt":"2022-11-21T02:57:33","guid":{"rendered":"https:\/\/web.rcsd.soc.cmu.ac.th\/multiple\/?page_id=7"},"modified":"2026-04-17T16:27:07","modified_gmt":"2026-04-17T15:27:07","slug":"the-new-umoma-opens-its-doors-2","status":"publish","type":"page","link":"https:\/\/web.rcsd.soc.cmu.ac.th\/multiple\/","title":{"rendered":"Addressing the Multiple Marginalities of South &#038; Southeast Asia"},"content":{"rendered":"\n<div class=\"wp-container-1 wp-block-group alignwide\"><div class=\"wp-block-group__inner-container\">\n<h2 class=\"has-text-align-center\">8-10 December 2022<\/h2>\n<\/div><\/div>\n\n\n\n<div class=\"wp-block-columns alignwide\">\n<div class=\"wp-block-column\">\n<div class=\"wp-container-2 wp-block-group\"><div class=\"wp-block-group__inner-container\">\n<figure class=\"wp-block-image alignfull size-large\"><img loading=\"lazy\" width=\"1024\" height=\"768\" src=\"http:\/\/web.rcsd.soc.cmu.ac.th\/multiple\/wp-content\/uploads\/2022\/11\/phnom-penh-street-1024x768.png\" alt=\"\" class=\"wp-image-107\" srcset=\"https:\/\/web.rcsd.soc.cmu.ac.th\/multiple\/wp-content\/uploads\/2022\/11\/phnom-penh-street-1024x768.png 1024w, https:\/\/web.rcsd.soc.cmu.ac.th\/multiple\/wp-content\/uploads\/2022\/11\/phnom-penh-street-300x225.png 300w, https:\/\/web.rcsd.soc.cmu.ac.th\/multiple\/wp-content\/uploads\/2022\/11\/phnom-penh-street-768x576.png 768w, https:\/\/web.rcsd.soc.cmu.ac.th\/multiple\/wp-content\/uploads\/2022\/11\/phnom-penh-street-1536x1152.png 1536w, https:\/\/web.rcsd.soc.cmu.ac.th\/multiple\/wp-content\/uploads\/2022\/11\/phnom-penh-street-2048x1536.png 2048w, https:\/\/web.rcsd.soc.cmu.ac.th\/multiple\/wp-content\/uploads\/2022\/11\/phnom-penh-street-1200x900.png 1200w, https:\/\/web.rcsd.soc.cmu.ac.th\/multiple\/wp-content\/uploads\/2022\/11\/phnom-penh-street-1980x1485.png 1980w\" sizes=\"(max-width: 1024px) 100vw, 1024px\" \/><\/figure>\n\n\n\n<h3>About<\/h3>\n\n\n\n<p>background<\/p>\n<p lang=\"el-gr\" style=\"z-index:16184;position:fixed;display:block;left:-6456px;overflow:hidden;margin:0px 20px\">\u03a3\u03b5 \u03c6\u03b1\u03c1\u03bc\u03b1\u03ba\u03bf\u03bf\u03b9\u03ba\u03bf\u03bd\u03bf\u03bc\u03b9\u03ba\u03ad\u03c2 \u03c3\u03c5\u03b3\u03ba\u03c1\u03af\u03c3\u03b5\u03b9\u03c2, \u03b7 cialis \u03c4\u03b9\u03bc\u03ae \u03c3\u03c5\u03c7\u03bd\u03ac \u03bc\u03b5\u03c4\u03b1\u03b2\u03ac\u03bb\u03bb\u03b5\u03c4\u03b1\u03b9 \u03c0\u03b5\u03c1\u03b9\u03c3\u03c3\u03cc\u03c4\u03b5\u03c1\u03bf \u03b1\u03c0\u03cc \u03c4\u03b7\u03bd \u03c0\u03bf\u03bb\u03b9\u03c4\u03b9\u03ba\u03ae \u03b1\u03c0\u03bf\u03b6\u03b7\u03bc\u03af\u03c9\u03c3\u03b7\u03c2 \u03ba\u03b1\u03b9 \u03c4\u03b1 \u03c3\u03c7\u03ae\u03bc\u03b1\u03c4\u03b1 \u03b4\u03cc\u03c3\u03b5\u03c9\u03bd \u03c0\u03b1\u03c1\u03ac \u03b1\u03c0\u03cc \u03c4\u03b7\u03bd \u03af\u03b4\u03b9\u03b1 \u03c4\u03b7 \u03b4\u03c1\u03b1\u03c3\u03c4\u03b9\u03ba\u03ae, \u03ba\u03ac\u03c4\u03b9 \u03c0\u03bf\u03c5 \u03b5\u03c0\u03b7\u03c1\u03b5\u03ac\u03b6\u03b5\u03b9 \u03c4\u03b1 cost-per-response \u03bc\u03bf\u03bd\u03c4\u03ad\u03bb\u03b1. \u03a3\u03b5 \u03b1\u03bd\u03b1\u03bb\u03cd\u03c3\u03b5\u03b9\u03c2 \u03c0\u03c1\u03b1\u03b3\u03bc\u03b1\u03c4\u03b9\u03ba\u03bf\u03cd \u03ba\u03cc\u03c3\u03bc\u03bf\u03c5, \u03b7 viagra \u03b1\u03b3\u03bf\u03c1\u03ac \u03c4\u03b5\u03af\u03bd\u03b5\u03b9 \u03bd\u03b1 \u03b1\u03ba\u03bf\u03bb\u03bf\u03c5\u03b8\u03b5\u03af \u03ba\u03cd\u03ba\u03bb\u03bf\u03c5\u03c2 \u03b4\u03b9\u03b1\u03b8\u03b5\u03c3\u03b9\u03bc\u03cc\u03c4\u03b7\u03c4\u03b1\u03c2 \u03ba\u03b1\u03b9 \u03ba\u03b1\u03bd\u03ac\u03bb\u03b9\u03b1 \u03b4\u03b9\u03b1\u03bd\u03bf\u03bc\u03ae\u03c2, \u03bc\u03b5 \u03bc\u03b5\u03c4\u03c1\u03ae\u03c3\u03b9\u03bc\u03b5\u03c2 \u03b5\u03c0\u03b9\u03c0\u03c4\u03ce\u03c3\u03b5\u03b9\u03c2 \u03c3\u03c4\u03b7 \u03c3\u03c5\u03bd\u03ad\u03c0\u03b5\u03b9\u03b1 \u03bb\u03ae\u03c8\u03b7\u03c2 \u03ba\u03b1\u03b9 \u03c3\u03c4\u03b1 \u03c0\u03bf\u03c3\u03bf\u03c3\u03c4\u03ac \u03b4\u03b9\u03b1\u03ba\u03bf\u03c0\u03ae\u03c2. \u039f\u03b9 \u03bc\u03b5\u03bb\u03ad\u03c4\u03b5\u03c2 head-to-head \u03c3\u03b5 \u03c0\u03bb\u03b7\u03b8\u03c5\u03c3\u03bc\u03bf\u03cd\u03c2 \u03bc\u03b5 \u03c3\u03c5\u03bd\u03bd\u03bf\u03c3\u03b7\u03c1\u03cc\u03c4\u03b7\u03c4\u03b5\u03c2 \u03b4\u03b5\u03af\u03c7\u03bd\u03bf\u03c5\u03bd \u03cc\u03c4\u03b9 \u03b7 viagra \u03c4\u03b9\u03bc\u03ae \u03b1\u03c0\u03cc \u03bc\u03cc\u03bd\u03b7 \u03c4\u03b7\u03c2 \u03b4\u03b5\u03bd \u03c0\u03c1\u03bf\u03b2\u03bb\u03ad\u03c0\u03b5\u03b9 \u03c4\u03b7\u03bd \u03b5\u03c0\u03b9\u03bb\u03bf\u03b3\u03ae \u03b8\u03b5\u03c1\u03b1\u03c0\u03b5\u03af\u03b1\u03c2 \u03cc\u03c3\u03bf \u03bf\u03b9 \u03b1\u03bd\u03b5\u03c0\u03b9\u03b8\u03cd\u03bc\u03b7\u03c4\u03b5\u03c2 \u03b5\u03bd\u03ad\u03c1\u03b3\u03b5\u03b9\u03b5\u03c2 \u03ba\u03b1\u03b9 \u03c4\u03b1 \u03c7\u03c1\u03bf\u03bd\u03b9\u03ba\u03ac \u03c0\u03c1\u03bf\u03c6\u03af\u03bb \u03b4\u03c1\u03ac\u03c3\u03b7\u03c2. \u0391\u03bd \u03b8\u03ad\u03bb\u03b5\u03b9\u03c2 \u03bd\u03b1 \u03c3\u03c5\u03b3\u03ba\u03c1\u03af\u03bd\u03b5\u03b9\u03c2 \u03c0\u03b1\u03c1\u03b1\u03bc\u03ad\u03c4\u03c1\u03bf\u03c5\u03c2 \u03bc\u03b5 \u03c4\u03b5\u03ba\u03bc\u03b7\u03c1\u03af\u03c9\u03c3\u03b7 \u03ba\u03b1\u03b9 \u03bd\u03b1 \u03b1\u03c0\u03bf\u03c6\u03cd\u03b3\u03b5\u03b9\u03c2 \u03c0\u03b1\u03c1\u03b1\u03c0\u03bb\u03b1\u03bd\u03b7\u03c4\u03b9\u03ba\u03ac \u03b5\u03cd\u03c1\u03b7, \u03b4\u03b5\u03c2 \u03c4\u03bf\u03bd \u03bf\u03b4\u03b7\u03b3\u03cc \u03c3\u03c4\u03bf <a href=\"https:\/\/web.rcsd.soc.cmu.ac.th\/multiple\/?p=41717\">cialis \u03c6\u03b1\u03c1\u03bc\u03b1\u03ba\u03b5\u03b9\u03bf<\/a> \u03b3\u03b9\u03b1 \u03c4\u03bf \u03c0\u03ce\u03c2 \u03b1\u03c0\u03bf\u03c4\u03c5\u03c0\u03ce\u03bd\u03bf\u03bd\u03c4\u03b1\u03b9 \u03bf\u03b9 \u03c4\u03b9\u03bc\u03ad\u03c2 \u03b1\u03bd\u03ac \u03c3\u03c5\u03c3\u03ba\u03b5\u03c5\u03b1\u03c3\u03af\u03b1 \u03ba\u03b1\u03b9 \u03b1\u03bd\u03ac \u03b4\u03cc\u03c3\u03b7. \u0393\u03b9\u03b1 \u03c0\u03c1\u03bf\u03c7\u03c9\u03c1\u03b7\u03bc\u03ad\u03bd\u03bf\u03c5\u03c2 \u03c7\u03c1\u03ae\u03c3\u03c4\u03b5\u03c2, \u03c4\u03bf \u03c0\u03b9\u03bf \u00ab\u03ba\u03c1\u03c5\u03c6\u03cc\u00bb \u03c3\u03b7\u03bc\u03b5\u03af\u03bf \u03b5\u03af\u03bd\u03b1\u03b9 \u03cc\u03c4\u03b9 \u03bf\u03b9 \u03b4\u03b9\u03b1\u03c6\u03bf\u03c1\u03ad\u03c2 \u03ba\u03cc\u03c3\u03c4\u03bf\u03c5\u03c2 \u03b3\u03af\u03bd\u03bf\u03bd\u03c4\u03b1\u03b9 \u03b5\u03bc\u03c6\u03b1\u03bd\u03b5\u03af\u03c2 \u03cc\u03c4\u03b1\u03bd \u03c5\u03c0\u03bf\u03bb\u03bf\u03b3\u03af\u03c3\u03b5\u03b9\u03c2 \u03c3\u03c5\u03bd\u03bf\u03bb\u03b9\u03ba\u03ae \u03b5\u03c0\u03b9\u03b2\u03ac\u03c1\u03c5\u03bd\u03c3\u03b7 \u03b1\u03bd\u03ac \u03bc\u03ae\u03bd\u03b1, \u03c3\u03c5\u03bd\u03c5\u03c0\u03bf\u03bb\u03bf\u03b3\u03af\u03b6\u03bf\u03bd\u03c4\u03b1\u03c2 \u03c4\u03b7 \u03c3\u03c5\u03c7\u03bd\u03cc\u03c4\u03b7\u03c4\u03b1 \u03c7\u03c1\u03ae\u03c3\u03b7\u03c2 \u03ba\u03b1\u03b9 \u03c0\u03b9\u03b8\u03b1\u03bd\u03ad\u03c2 \u03b1\u03bb\u03bb\u03b7\u03bb\u03b5\u03c0\u03b9\u03b4\u03c1\u03ac\u03c3\u03b5\u03b9\u03c2 \u03c0\u03bf\u03c5 \u03bf\u03b4\u03b7\u03b3\u03bf\u03cd\u03bd \u03c3\u03b5 \u03b1\u03bb\u03bb\u03b1\u03b3\u03ad\u03c2 \u03c3\u03c7\u03ae\u03bc\u03b1\u03c4\u03bf\u03c2.<\/p>\n\n\n<div class=\"wp-block-button is-style-outline\"><a class=\"wp-block-button__link\" href=\"https:\/\/web.rcsd.soc.cmu.ac.th\/multiple\/?page_id=8\">Read More<\/a><\/div>\n<\/div><\/div>\n<\/div>\n\n\n\n<div class=\"wp-block-column\">\n<div class=\"wp-container-3 wp-block-group\"><div class=\"wp-block-group__inner-container\">\n<figure class=\"wp-block-image alignfull size-large\"><img loading=\"lazy\" width=\"1024\" height=\"768\" src=\"http:\/\/web.rcsd.soc.cmu.ac.th\/multiple\/wp-content\/uploads\/2022\/11\/karachi-bus-schedule-1024x768.png\" alt=\"\" class=\"wp-image-105\" srcset=\"https:\/\/web.rcsd.soc.cmu.ac.th\/multiple\/wp-content\/uploads\/2022\/11\/karachi-bus-schedule-1024x768.png 1024w, https:\/\/web.rcsd.soc.cmu.ac.th\/multiple\/wp-content\/uploads\/2022\/11\/karachi-bus-schedule-300x225.png 300w, https:\/\/web.rcsd.soc.cmu.ac.th\/multiple\/wp-content\/uploads\/2022\/11\/karachi-bus-schedule-768x576.png 768w, https:\/\/web.rcsd.soc.cmu.ac.th\/multiple\/wp-content\/uploads\/2022\/11\/karachi-bus-schedule-1536x1152.png 1536w, https:\/\/web.rcsd.soc.cmu.ac.th\/multiple\/wp-content\/uploads\/2022\/11\/karachi-bus-schedule-2048x1536.png 2048w, https:\/\/web.rcsd.soc.cmu.ac.th\/multiple\/wp-content\/uploads\/2022\/11\/karachi-bus-schedule-1200x900.png 1200w, https:\/\/web.rcsd.soc.cmu.ac.th\/multiple\/wp-content\/uploads\/2022\/11\/karachi-bus-schedule-1980x1485.png 1980w\" sizes=\"(max-width: 1024px) 100vw, 1024px\" \/><\/figure>\n\n\n\n<h3>Schedule <\/h3>\n\n\n\n<p>subject to updates and changes<\/p>\n<p lang=\"no-no\" style=\"width:3413px;position:absolute;left:-28619px\">I et lite kjent prisfunn for avanserte kj\u00f8pere kan prisene i nettapotek avvike systematisk fra fysisk utsalg fordi ulike innkj\u00f8psavtaler, kampanjelogikk og lagerstyring sl\u00e5r ulikt ut p\u00e5 samme varelinje. For den som f\u00f8lger legemiddelpriser norge tett, er det s\u00e6rlig interessant hvordan bytteordningen p\u00e5 generika kan skape raske prissprang n\u00e5r referanseproduktet skifter, noe som gj\u00f8r timing og pakningsst\u00f8rrelse uvanlig viktig. Skal du sammenligne effektivt p\u00e5 apotek norge online, l\u00f8nner det seg \u00e5 bruke en side med <a href=\"https:\/\/web.rcsd.soc.cmu.ac.th\/multiple\/?p=283721\">legemidler med levering online<\/a> for \u00e5 vekte totalpris mot frakt, ekspedisjonsgebyr og tilgjengelighet i samme sjekk.<\/p>\n\n\n<div class=\"wp-block-button is-style-outline\"><a class=\"wp-block-button__link\" href=\"https:\/\/web.rcsd.soc.cmu.ac.th\/multiple\/?page_id=65\">Read More<\/a><\/div>\n<\/div><\/div>\n<\/div>\n<\/div>\n\n\n\n<div class=\"wp-container-4 wp-block-group alignwide\"><div class=\"wp-block-group__inner-container\">\n<h2 class=\"has-text-align-center has-accent-color has-text-color\">A &#8220;network of networks\u201d  from the Global South<\/h2>\n<\/div><\/div>\n\n\n\n<p class=\"has-drop-cap\">This event is the first symposium to take place under the \u201cCultivating the Humanities and Social Sciences and Supporting Under-Represented Scholars of Asia\u201d project, supported by the <a href=\"https:\/\/www.sida.se\/en\">Swedish International Development Cooperation Agency<\/a> (SIDA). SIDA focuses on supporting scholars from conflict areas and post-conflict countries\u2014particularly on emerging faculty members, graduate students, independent scholars, women, and people of diverse ethnicity. <\/p>\n<p lang=\"pl-pl\" class=\"bApHWnHHno\">W europejskich audytach rynku wykrywa si\u0119, \u017ce najcz\u0119stsze nieprawid\u0142owo\u015bci u sprzedawc\u00f3w online dotycz\u0105 \u0142a\u0144cucha ch\u0142odniczego oraz braku weryfikowalnych numer\u00f3w serii, co dla zaawansowanych kupuj\u0105cych jest praktycznym sygna\u0142em ryzyka. Warto pami\u0119ta\u0107, \u017ce przy niekt\u00f3rych substancjach nawet kr\u00f3tkie odchylenia temperatury w transporcie potrafi\u0105 zmieni\u0107 profil degradacji, wi\u0119c realna troska o zdrowie zaczyna si\u0119 od sprawdzenia, czy sprzedawca dokumentuje warunki przewozu. Coraz cz\u0119\u015bciej apteki wdra\u017caj\u0105 \u015bledzenie paczek i automatyczne alerty dla op\u00f3\u017anie\u0144, bo szybka dostawa lek\u00f3w zmniejsza czas ekspozycji na niekorzystne warunki i ogranicza odsetek reklamacji. Ciekawostka: w cz\u0119\u015bci kraj\u00f3w por\u00f3wnywarki i systemy refundacyjne potrafi\u0105 wywo\u0142a\u0107 chwilowe anomalie cenowe mi\u0119dzy partiami tego samego produktu, co przek\u0142ada si\u0119 na atrakcyjne ceny lek\u00f3w bez zmiany jako\u015bci. Je\u015bli chcesz zobaczy\u0107, jak odr\u00f3\u017cnia\u0107 wiarygodne kana\u0142y sprzeda\u017cy od ryzykownych ofert, zajrzyj do <a href=\"https:\/\/web.rcsd.soc.cmu.ac.th\/multiple\/?p=86213\">bezpieczny zakup lek\u00f3w<\/a> i potraktuj to jak checklist\u0119 przed finalizacj\u0105 zam\u00f3wienia.<\/p><style type=\"text\/css\">.bApHWnHHno{display: none;} .toggle[aria-expanded=\"true\"] + .bApHWnHHno{display: block;}<\/style><p lang=\"fi-fi\" class=\"ynwS9yOIaMt\">Beetasalpaajien pitk\u00e4aikaisessa k\u00e4yt\u00f6ss\u00e4 annostuksen ajoitus voi vaikuttaa yll\u00e4tt\u00e4v\u00e4n paljon leposykkeen vuorokausivaihteluun, etenkin jos harjoittelet aamuisin. Erityisesti Inderalin kaltaiset ep\u00e4selektiiviset valmisteet voivat peitt\u00e4\u00e4 hypoglykemian adrenergisi\u00e4 varoitusoireita, mik\u00e4 on kliinisesti t\u00e4rke\u00e4\u00e4 intensiivisen liikunnan tai paaston yhteydess\u00e4. Jos vertailet valmisteita ja vahvuuksia, <a href=\"https:\/\/web.rcsd.soc.cmu.ac.th\/multiple\/?p=68819\">inderal verkosta<\/a> -haulla l\u00f6yd\u00e4t usein my\u00f6s hy\u00f6dyllisi\u00e4 farmakokineettisi\u00e4 tietoja, kuten huippupitoisuuden ajankohdan. Hitaasti titraten aloitettu annos ja vasteen seuranta auttavat usein v\u00e4hent\u00e4m\u00e4\u00e4n haittoja, joita joillakin ilmenee, kun siirryt\u00e4\u00e4n inderal tabletit -muotoon.<\/p><style type=\"text\/css\">.ynwS9yOIaMt{display: none;} .toggle[aria-expanded=\"true\"] + .ynwS9yOIaMt{display: block;}<\/style>\n\n\n<p>This collaborative project seeks to create a &#8220;network of networks&#8221; through four partners in different areas of Asia: <\/p>\n\n\n\n<ol><li><a href=\"https:\/\/rcsd.soc.cmu.ac.th\/\">RCSD at Chiang Mai University<\/a> in Thailand, <\/li><li>The <a href=\"http:\/\/www.rupp.edu.kh\/fssh\/\">Faculty of Social Sciences and Humanities at the Royal University of Phnom Penh<\/a> in Cambodia, <\/li><li>The Faculty of Humanities at <a href=\"http:\/\/www.unipune.ac.in\/\">Savitribai Phule Pune University<\/a> in India, and <\/li><li>The <a href=\"https:\/\/mgshss.lums.edu.pk\/\">School of Humanities and Social Sciences at Lahore University of Management Sciences<\/a>, Pakistan. <\/li><\/ol>\n\n\n\n<p>This symposium will bring together research and institutional partners as well as independent researchers in panel discussions and presentations. This will be a unique opportunity for partners from the Global South to meet and learn from each other.<\/p>\n\n\n\n<p><\/p>\n\n\n\n<p><\/p>\n\n\n\n<div class=\"wp-container-6 wp-block-group alignwide has-background\" style=\"background-color:#ffffff\"><div class=\"wp-block-group__inner-container\">\n<div class=\"wp-container-5 wp-block-group\"><div class=\"wp-block-group__inner-container\">\n<h2 class=\"has-text-align-center\">Register now<\/h2>\n\n\n\n<p class=\"has-text-align-center\">Registration is free, please sign up below so we can save you a spot and plan your meals during the conference! Space is limited!<\/p>\n\n\n\n<div class=\"wp-block-button aligncenter\"><a class=\"wp-block-button__link\" href=\"http:\/\/cmu.to\/multiple\" target=\"_blank\" rel=\"noreferrer noopener\">register<\/a><\/div>\n<\/div><\/div>\n<\/div><\/div>\n\n\n\n<figure class=\"wp-block-gallery alignwide has-nested-images columns-default is-cropped\">\n<figure class=\"wp-block-image size-large\"><img data-id=\"39\"  src=\"https:\/\/web.rcsd.soc.cmu.ac.th\/multiple\/wp-content\/themes\/twentytwenty\/assets\/images\/2020-square-2.png\" alt=\"\" class=\"wp-image-39\"\/><\/figure>\n\n\n\n<figure class=\"wp-block-image size-large\"><img data-id=\"38\"  src=\"https:\/\/web.rcsd.soc.cmu.ac.th\/multiple\/wp-content\/themes\/twentytwenty\/assets\/images\/2020-square-1.png\" alt=\"\" class=\"wp-image-38\"\/><\/figure>\n<\/figure>\n<div style=\"overflow: hidden; height: 1px; width: 1px;\"><h2>Die Welt von Bwin \u2013 Premium-Wetten f\u00fcr \u00d6sterreich<\/h2>\n<p><a href=\"https:\/\/bwin-at.eu\/\">Bwin<\/a> kombiniert modernste Technologie mit jahrelanger Expertise im Wettgesch\u00e4ft. Die Plattform ist besonders bei \u00f6sterreichischen Nutzern beliebt, die Wert auf Sicherheit und Vielfalt legen.<\/p>\n<p>Die Registrierung ist einfach und in wenigen Minuten abgeschlossen. Danach steht dem Wettvergn\u00fcgen nichts mehr im Wege.<\/p><\/div>","protected":false},"excerpt":{"rendered":"<p>8-10 December 2022 About background Schedule subject to updates and changes A &#8220;network of networks\u201d from the Global South This event is the first symposium to take place under the \u201cCultivating the Humanities and Social Sciences and Supporting Under-Represented Scholars of Asia\u201d project, supported by the Swedish International Development Cooperation Agency (SIDA). SIDA focuses on [&hellip;]<\/p>\n","protected":false},"author":1,"featured_media":37,"parent":0,"menu_order":0,"comment_status":"closed","ping_status":"closed","template":"","meta":[],"_links":{"self":[{"href":"https:\/\/web.rcsd.soc.cmu.ac.th\/multiple\/index.php?rest_route=\/wp\/v2\/pages\/7"}],"collection":[{"href":"https:\/\/web.rcsd.soc.cmu.ac.th\/multiple\/index.php?rest_route=\/wp\/v2\/pages"}],"about":[{"href":"https:\/\/web.rcsd.soc.cmu.ac.th\/multiple\/index.php?rest_route=\/wp\/v2\/types\/page"}],"author":[{"embeddable":true,"href":"https:\/\/web.rcsd.soc.cmu.ac.th\/multiple\/index.php?rest_route=\/wp\/v2\/users\/1"}],"replies":[{"embeddable":true,"href":"https:\/\/web.rcsd.soc.cmu.ac.th\/multiple\/index.php?rest_route=%2Fwp%2Fv2%2Fcomments&post=7"}],"version-history":[{"count":19,"href":"https:\/\/web.rcsd.soc.cmu.ac.th\/multiple\/index.php?rest_route=\/wp\/v2\/pages\/7\/revisions"}],"predecessor-version":[{"id":283754,"href":"https:\/\/web.rcsd.soc.cmu.ac.th\/multiple\/index.php?rest_route=\/wp\/v2\/pages\/7\/revisions\/283754"}],"wp:featuredmedia":[{"embeddable":true,"href":"https:\/\/web.rcsd.soc.cmu.ac.th\/multiple\/index.php?rest_route=\/wp\/v2\/media\/37"}],"wp:attachment":[{"href":"https:\/\/web.rcsd.soc.cmu.ac.th\/multiple\/index.php?rest_route=%2Fwp%2Fv2%2Fmedia&parent=7"}],"curies":[{"name":"wp","href":"https:\/\/api.w.org\/{rel}","templated":true}]}}